{"id":1189,"date":"2025-10-14T15:21:56","date_gmt":"2025-10-14T15:21:56","guid":{"rendered":"https:\/\/grupoheva.com\/?page_id=1189"},"modified":"2025-11-13T22:14:17","modified_gmt":"2025-11-13T22:14:17","slug":"the-heva-difference","status":"publish","type":"page","link":"https:\/\/grupoheva.com\/es\/the-heva-difference\/","title":{"rendered":"La Diferencia HEVA"},"content":{"rendered":"<div class=\"wp-block-cover alignfull\" style=\"min-height:830px;aspect-ratio:unset;\"><img loading=\"lazy\" decoding=\"async\" width=\"1600\" height=\"1075\" class=\"wp-block-cover__image-background wp-image-852 size-full\" alt=\"\" src=\"https:\/\/grupoheva.com\/wp-content\/uploads\/2024\/11\/VBOULEVARD-6-landing.webp\" data-object-fit=\"cover\" srcset=\"https:\/\/grupoheva.com\/wp-content\/uploads\/2024\/11\/VBOULEVARD-6-landing.webp 1600w, https:\/\/grupoheva.com\/wp-content\/uploads\/2024\/11\/VBOULEVARD-6-landing-300x202.webp 300w, https:\/\/grupoheva.com\/wp-content\/uploads\/2024\/11\/VBOULEVARD-6-landing-1024x688.webp 1024w, https:\/\/grupoheva.com\/wp-content\/uploads\/2024\/11\/VBOULEVARD-6-landing-768x516.webp 768w, https:\/\/grupoheva.com\/wp-content\/uploads\/2024\/11\/VBOULEVARD-6-landing-1536x1032.webp 1536w, https:\/\/grupoheva.com\/wp-content\/uploads\/2024\/11\/VBOULEVARD-6-landing-18x12.webp 18w, https:\/\/grupoheva.com\/wp-content\/uploads\/2024\/11\/VBOULEVARD-6-landing-500x336.webp 500w, https:\/\/grupoheva.com\/wp-content\/uploads\/2024\/11\/VBOULEVARD-6-landing-800x538.webp 800w, https:\/\/grupoheva.com\/wp-content\/uploads\/2024\/11\/VBOULEVARD-6-landing-1280x860.webp 1280w\" sizes=\"auto, (max-width: 1600px) 100vw, 1600px\" \/><span aria-hidden=\"true\" class=\"wp-block-cover__background has-black-background-color has-background-dim\"><\/span><div class=\"wp-block-cover__inner-container is-layout-constrained wp-block-cover-is-layout-constrained\">\n<div style=\"height:36px\" aria-hidden=\"true\" class=\"wp-block-spacer\"><\/div>\n\n\n\n<div style=\"height:25px\" aria-hidden=\"true\" class=\"wp-block-spacer\"><\/div>\n\n\n\n<div class=\"wp-block-columns is-layout-flex wp-container-core-columns-is-layout-9d6595d7 wp-block-columns-is-layout-flex\">\n<div class=\"wp-block-column is-layout-flow wp-block-column-is-layout-flow\" style=\"flex-basis:10%\"><\/div>\n\n\n\n<div class=\"wp-block-column is-layout-flow wp-block-column-is-layout-flow\" style=\"flex-basis:80%\">\n<p class=\"has-text-align-center\" style=\"font-size:60px;text-transform:uppercase\">\u00bfPor qu\u00e9 los desarrollos HEVA valen m\u00e1s y ofrecen m\u00e1s?<\/p>\n<\/div>\n\n\n\n<div class=\"wp-block-column is-layout-flow wp-block-column-is-layout-flow\" style=\"flex-basis:10%\"><\/div>\n<\/div>\n<\/div><\/div>\n\n\n\n<div style=\"height:18px\" aria-hidden=\"true\" class=\"wp-block-spacer\"><\/div>\n\n\n\n<div class=\"wp-block-columns is-layout-flex wp-container-core-columns-is-layout-9d6595d7 wp-block-columns-is-layout-flex\">\n<div class=\"wp-block-column is-layout-flow wp-block-column-is-layout-flow\" style=\"flex-basis:10%\"><\/div>\n\n\n\n<div class=\"wp-block-column is-layout-flow wp-block-column-is-layout-flow\" style=\"flex-basis:80%\">\n<p class=\"has-text-align-center ti movilti2 has-x-large-font-size\" style=\"text-transform:uppercase\"><strong>La diferencia HEVA, aspectos a tener en cuenta:<\/strong><\/p>\n\n\n\n<p>Often we are asked why are HEVA units more expensive than other options, there are a couple reasons for this, one is our average unit sizes are 20-25% larger than less expensive units,&nbsp;&nbsp;another reason is quality of construction, which not always is in the finishes you see, and additionally our amenities are REAL amenities, not tokens of amenities, for example: <\/p>\n<\/div>\n\n\n\n<div class=\"wp-block-column is-layout-flow wp-block-column-is-layout-flow\" style=\"flex-basis:10%\"><\/div>\n<\/div>\n\n\n\n<div style=\"height:52px\" aria-hidden=\"true\" class=\"wp-block-spacer\"><\/div>\n\n\n\n<div class=\"wp-block-cover alignfull is-light\"><span aria-hidden=\"true\" class=\"wp-block-cover__background has-background-dim-100 has-background-dim\" style=\"background-color:#ffffff\"><\/span><div class=\"wp-block-cover__inner-container is-layout-flow wp-block-cover-is-layout-flow\">\n<div class=\"wp-block-media-text alignwide has-media-on-the-right is-stacked-on-mobile is-vertically-aligned-center is-image-fill-element\" style=\"grid-template-columns:auto 31%\"><div class=\"wp-block-media-text__content\">\n<div style=\"height:35px\" aria-hidden=\"true\" class=\"wp-block-spacer\"><\/div>\n\n\n\n<p class=\"has-large-font-size\"><strong>Algunas consideraciones de dise\u00f1o:<\/strong><\/p>\n\n\n\n<p>Nuestras unidades son, en promedio, m\u00e1s grandes; por ejemplo, nuestra unidad est\u00e1ndar de 2 dormitorios y 2 ba\u00f1os ocupa alrededor de 130-150 m\u00b2. La mayor\u00eda de los dem\u00e1s proyectos\/desarrolladores ofrecen estas mismas unidades en 110-115 m\u00b2. Esta diferencia de 20-35 m\u00b2 (\u00a1el \u00e1rea de dos dormitorios m\u00e1s peque\u00f1os!) ahorra mucho dinero y resulta en un precio de compra m\u00e1s bajo. Sin embargo, nuestras unidades est\u00e1n dise\u00f1adas para vivir o vacacionar c\u00f3modamente. Si bien el costo es un poco mayor, la experiencia es muy diferente.<\/p>\n\n\n\n<ul class=\"wp-block-list\">\n<li>Generalmente proporcionamos terrazas REALES en nuestras unidades est\u00e1ndar, a menudo de m\u00e1s de 2 M de ancho (a veces 3 M de ancho en unidades m\u00e1s grandes), que pueden albergar una verdadera sala de estar \/ comedor al aire libre, muchos otros proyectos brindan terrazas de solo 1 M de ancho, a veces menos y en realidad es solo una plataforma de observaci\u00f3n.<\/li>\n\n\n\n<li>Ofrecemos comodidades REALES, por ejemplo, ofrecemos un gimnasio REAL de 120-200M2 y 18-24 piezas de equipo (adem\u00e1s de pesas libres), otros desarrolladores ofrecen un \u00e1rea de 25M2 con 3-4 piezas de equipo de gimnasio.\u00a0<\/li>\n\n\n\n<li>Proporcionamos restaurantes REALES dentro del proyecto para propietarios e invitados, atendidos por chefs profesionales y asistentes con un men\u00fa completo para comer durante el d\u00eda, no un peque\u00f1o espacio parcialmente atendido como otros desarrolladores, m\u00e1s como un snack bar pero llamado restaurante.<\/li>\n\n\n\n<li>Ofrecemos espacio REAL para bbq y eventos de 70 a 100 m2, con asientos para sal\u00f3n y comedor, \u00e1rea de bar con refrigerador, bbq a gas grande, fregadero y \u00e1rea de preparaci\u00f3n, siempre en los niveles de la azotea con excelentes vistas.<\/li>\n\n\n\n<li>Ofrecemos un \u00e1rea de piscina\/jacuzzi estilo resort REAL, de m\u00e1s de 300 M2, con acondicionamiento de agua salada en lugar de cloro, donde otros proyectos a menudo ofrecen una piscina de inmersi\u00f3n simb\u00f3lica en el rooftop.<\/li>\n\n\n\n<li>Ofrecemos una sala de juegos REAL, de m\u00e1s de 150 M2, con zona de sal\u00f3n\/TV, mesa de billar y mesas de juego, muchos desarrollos no tienen esta comodidad y cuando la tienen son m\u00e1s peque\u00f1os y menos amueblados.<\/li>\n\n\n\n<li>Contamos con \u00e1reas de masajes REALES, con camillas de masaje, y hermosa decoraci\u00f3n \u201cZen Like\u201d, (solo necesitas agendar a tu terapeuta), en V Boulevard hay habitaciones tanto dobles como individuales.<\/li>\n\n\n\n<li>Contamos con jardines REALES (y jardineros profesionales dedicados a tiempo completo) en todo nuestro proyecto, manteniendo una sensaci\u00f3n \u201cverde y natural\u201d que prospera durante todo el proyecto.<\/li>\n\n\n\n<li>Contamos con estacionamiento REAL, generalmente un espacio para todas las unidades y, a menudo, dos espacios para las unidades de 3 rec\u00e1maras o apartamentos tipo estudio. Otros proyectos suelen tener poco o ning\u00fan estacionamiento, lo que puede representar un gran problema no solo para los propietarios, sino tambi\u00e9n para la zona circundante, ya que el estacionamiento externo siempre es un desaf\u00edo.\u00a0<\/li>\n\n\n\n<li>Ofrecemos administraci\u00f3n REAL, gesti\u00f3n interna en el sitio, a cargo de las operaciones, el mantenimiento y la dotaci\u00f3n de personal, que incluye chefs, ayudantes de chef, jardineros, personal de limpieza, mantenimiento y seguridad, un equipo generalmente de m\u00e1s de 20 personas. Esto garantiza que su inversi\u00f3n se mantenga en \u00f3ptimas condiciones durante a\u00f1os, y adem\u00e1s ofrecemos tarifas de mantenimiento muy competitivas.<\/li>\n<\/ul>\n<\/div><figure class=\"wp-block-media-text__media\"><img loading=\"lazy\" decoding=\"async\" width=\"1024\" height=\"576\" src=\"https:\/\/grupoheva.com\/wp-content\/uploads\/2025\/04\/vmarina-grupoheva-1-1024x576.webp\" alt=\"\" class=\"wp-image-1029 size-full\" style=\"object-position:50% 50%\" srcset=\"https:\/\/grupoheva.com\/wp-content\/uploads\/2025\/04\/vmarina-grupoheva-1-1024x576.webp 1024w, https:\/\/grupoheva.com\/wp-content\/uploads\/2025\/04\/vmarina-grupoheva-1-300x169.webp 300w, https:\/\/grupoheva.com\/wp-content\/uploads\/2025\/04\/vmarina-grupoheva-1-768x432.webp 768w, https:\/\/grupoheva.com\/wp-content\/uploads\/2025\/04\/vmarina-grupoheva-1-1536x864.webp 1536w, https:\/\/grupoheva.com\/wp-content\/uploads\/2025\/04\/vmarina-grupoheva-1-18x10.webp 18w, https:\/\/grupoheva.com\/wp-content\/uploads\/2025\/04\/vmarina-grupoheva-1-500x281.webp 500w, https:\/\/grupoheva.com\/wp-content\/uploads\/2025\/04\/vmarina-grupoheva-1-800x450.webp 800w, https:\/\/grupoheva.com\/wp-content\/uploads\/2025\/04\/vmarina-grupoheva-1-1280x720.webp 1280w, https:\/\/grupoheva.com\/wp-content\/uploads\/2025\/04\/vmarina-grupoheva-1-1920x1080.webp 1920w, https:\/\/grupoheva.com\/wp-content\/uploads\/2025\/04\/vmarina-grupoheva-1.webp 2000w\" sizes=\"auto, (max-width: 1024px) 100vw, 1024px\" \/><\/figure><\/div>\n<\/div><\/div>\n\n\n\n<div class=\"wp-block-cover alignfull is-light\"><span aria-hidden=\"true\" class=\"wp-block-cover__background has-background-dim-100 has-background-dim\" style=\"background-color:#ffffff\"><\/span><div class=\"wp-block-cover__inner-container is-layout-flow wp-block-cover-is-layout-flow\">\n<div style=\"height:36px\" aria-hidden=\"true\" class=\"wp-block-spacer\"><\/div>\n\n\n\n<div class=\"wp-block-media-text alignwide is-stacked-on-mobile is-vertically-aligned-center is-image-fill-element\" style=\"grid-template-columns:25% auto\"><figure class=\"wp-block-media-text__media\"><img loading=\"lazy\" decoding=\"async\" width=\"1024\" height=\"576\" src=\"https:\/\/grupoheva.com\/wp-content\/uploads\/2025\/04\/v177-grupoheva-1-1024x576.webp\" alt=\"\" class=\"wp-image-1060 size-full\" style=\"object-position:50% 50%\" srcset=\"https:\/\/grupoheva.com\/wp-content\/uploads\/2025\/04\/v177-grupoheva-1-1024x576.webp 1024w, https:\/\/grupoheva.com\/wp-content\/uploads\/2025\/04\/v177-grupoheva-1-300x169.webp 300w, https:\/\/grupoheva.com\/wp-content\/uploads\/2025\/04\/v177-grupoheva-1-768x432.webp 768w, https:\/\/grupoheva.com\/wp-content\/uploads\/2025\/04\/v177-grupoheva-1-1536x864.webp 1536w, https:\/\/grupoheva.com\/wp-content\/uploads\/2025\/04\/v177-grupoheva-1-2048x1152.webp 2048w, https:\/\/grupoheva.com\/wp-content\/uploads\/2025\/04\/v177-grupoheva-1-18x10.webp 18w, https:\/\/grupoheva.com\/wp-content\/uploads\/2025\/04\/v177-grupoheva-1-500x281.webp 500w, https:\/\/grupoheva.com\/wp-content\/uploads\/2025\/04\/v177-grupoheva-1-800x450.webp 800w, https:\/\/grupoheva.com\/wp-content\/uploads\/2025\/04\/v177-grupoheva-1-1280x720.webp 1280w, https:\/\/grupoheva.com\/wp-content\/uploads\/2025\/04\/v177-grupoheva-1-1920x1080.webp 1920w\" sizes=\"auto, (max-width: 1024px) 100vw, 1024px\" \/><\/figure><div class=\"wp-block-media-text__content\">\n<div style=\"height:35px\" aria-hidden=\"true\" class=\"wp-block-spacer\"><\/div>\n\n\n\n<p class=\"has-large-font-size\"><strong><strong>Algunas consideraciones de construcci\u00f3n son:<\/strong><\/strong><\/p>\n\n\n\n<p>Cada proyecto se somete a una evaluaci\u00f3n del espectro s\u00edsmico mediante el software de ingenier\u00eda ETabs. Este software es el m\u00e1s riguroso disponible en materia de an\u00e1lisis y dise\u00f1o s\u00edsmico y es utilizado por ingenieros en los edificios m\u00e1s altos del mundo.<\/p>\n\n\n\n<ul class=\"wp-block-list\">\n<li>Todos los muros perimetrales de la unidad (exterior y entre vecinos o espacios comunes) son de altura completa (de estructura a estructura) Y SELLADOS HERM\u00c9TICAMENTE, para proporcionar transferencia de agua, ruido, olores o humo a las unidades individuales.<\/li>\n\n\n\n<li>Utilizamos tuber\u00edas de agua con doble camisa TuboPlus en todas partes, con uniones soldadas con calor y accesorios de lat\u00f3n (no PVC con uniones pegadas), muchas menos fugas y una vida \u00fatil m\u00e1s larga.<\/li>\n\n\n\n<li>Utilizamos tuber\u00edas de drenaje de la marca CHARLOTTE (doble espesor) DWV para todas las instalaciones de drenaje y pluvial para proporcionar un drenaje m\u00e1s silencioso de los desechos pluviales y de drenaje.<\/li>\n\n\n\n<li>\u00a0Instalamos infraestructura (conductos y cables hasta el eje vertical y conductos hasta el garaje) para facilitar la futura instalaci\u00f3n de la carga de veh\u00edculos el\u00e9ctricos por parte del cliente en el espacio de estacionamiento para unidades con estacionamiento en garaje.<\/li>\n\n\n\n<li class=\"translation-block\">Construimos salas de m\u00e1quinas de \u00faltima generaci\u00f3n de primer mundo en cada proyecto que proporcionan agua potable filtrada, suavizada y protegida de la luz ultravioleta a todas las unidades (agua potable probada en laboratorio del grifo de su unidad).<\/li>\n\n\n\n<li>Contamos con sistema de Recirculaci\u00f3n de Agua Caliente en todas las unidades, (agua caliente en el grifo en menos de 15 segundos normalmente).<\/li>\n\n\n\n<li>\u00a0Contamos con cisternas de almacenamiento de agua tanto para agua municipal como para agua filtrada, dise\u00f1adas para durar d\u00edas en caso de problemas de suministro de agua municipal.\u00a0<\/li>\n\n\n\n<li>Nuestras salas de m\u00e1quinas incluyen un sistema de bombas contra incendios presurizadas distribuidas a todos los pasillos y \u00e1reas comunes con bombas de respaldo el\u00e9ctricas y di\u00e9sel.\u00a0<\/li>\n\n\n\n<li>Utilizamos equipos de aire acondicionado TRANE de primera calidad (no Mirage ni otros de menor calidad). En muchos lugares, utilizamos sistemas de ventilador y serpent\u00edn (no minisplit) en las salas de estar principales, y normalmente las unidades de aire acondicionado tambi\u00e9n son de ventilador y serpent\u00edn en todas partes. (El personal de ventas puede aclarar cu\u00e1l).<\/li>\n\n\n\n<li>Utilizamos ascensores Mitsubishi, reconocidos como l\u00edderes en su industria, de mucha mejor calidad y confiabilidad que otros modelos.<\/li>\n\n\n\n<li>Las paredes interiores de nuestra unidad tienen un marco de metal con paneles de yeso de 5\/8 (no 1\/2), y extendemos un lado de todas las paredes hasta la estructura de arriba (lo que reduce la transferencia de sonido entre habitaciones); adem\u00e1s, proporcionamos aislamiento ac\u00fastico alrededor de los ba\u00f1os, lavaderos y cualquier conducto de servicios p\u00fablicos que pase por la unidad, nuevamente, en aras del aislamiento de la transferencia de sonido.<\/li>\n\n\n\n<li>Utilizamos ventanas y puertas corredizas de PVC de primera calidad, de marca alemana, y en el proyecto V Boulevard, vidrios de doble capa para un mejor control de sonido.<\/li>\n\n\n\n<li>Nuestros gabinetes y carpinter\u00eda son de madera aut\u00e9ntica (no MDF), y a partir del V Boulevard, todas nuestras puertas son de madera maciza (no huecas). En los gabinetes, utilizamos herrajes alemanes de primera calidad de las marcas Hettich o Hafele.<\/li>\n\n\n\n<li>Todas nuestras entregas incluyen el sello de Garant\u00eda HEVA, que es una garant\u00eda de 1 a\u00f1o despu\u00e9s de la entrega, por personal profesional dedicado a la garant\u00eda.<\/li>\n<\/ul>\n<\/div><\/div>\n\n\n\n<div style=\"height:36px\" aria-hidden=\"true\" class=\"wp-block-spacer\"><\/div>\n\n\n\n<div class=\"wp-block-media-text alignwide has-media-on-the-right is-stacked-on-mobile is-vertically-aligned-center is-image-fill-element\" style=\"grid-template-columns:auto 31%\"><div class=\"wp-block-media-text__content\">\n<div style=\"height:35px\" aria-hidden=\"true\" class=\"wp-block-spacer\"><\/div>\n\n\n\n<p class=\"has-large-font-size\"><strong><strong><strong>Consideraciones para el desarrollador:<\/strong><\/strong><\/strong><\/p>\n\n\n\n<p>Al considerar la compra de una propiedad en Puerto Vallarta, existen muchas opciones, y considerar a qui\u00e9n comprarle debe ser parte del proceso. Aqu\u00ed hay algunos aspectos a considerar para comprar en HEVA:<\/p>\n\n\n\n<p>Hemos completado m\u00e1s proyectos en Puerto Vallarta que cualquier otro desarrollador local que construya aqu\u00ed, a partir de 2009, la lista est\u00e1 compuesta por V399 (65 unidades), V177 (47 unidades), V Conchas Chinas (24 unidades), V Azul (12 unidades), V Estrella (23 unidades), V Marina (120 unidades), V Golf (127 unidades), V Bucerias (77 unidades) y ahora V Boulevard (102 unidades), 9 proyectos separados, (casi 600 unidades), pero lo m\u00e1s importante es que TODOS se han terminado y entregado a tiempo, y con escrituras leg\u00edtimas. (aqu\u00ed en Puerto Vallarta, y en todo M\u00e9xico, ese no siempre es el caso)&nbsp;<\/p>\n\n\n\n<p>Nuestro equipo de construcci\u00f3n en obra est\u00e1 formado por 8 ingenieros supervisores y arquitectos, con m\u00e1s de 100 a\u00f1os de experiencia combinada. Todos ellos llevan en la empresa al menos 7 a\u00f1os, muchos de ellos desde la fundaci\u00f3n de HEVA hace 16 a\u00f1os. Consideramos a este grupo como el mejor en su campo, y es una de las principales razones por las que HEVA tiene la mejor reputaci\u00f3n entre los compradores satisfechos de Puerto Vallarta.<\/p>\n\n\n\n<p>Nuestro equipo de ventas puede proporcionarle pr\u00e1cticamente innumerables testimonios de clientes satisfechos, muchos de los cuales han comprado m\u00faltiples veces, en m\u00faltiples proyectos, la verdadera prueba de un desarrollador.<\/p>\n\n\n\n<p>Se utilizan los mejores materiales y t\u00e9cnicas de construcci\u00f3n, especialmente cuando se trata de paredes exteriores y de separaci\u00f3n, materiales de plomer\u00eda, materiales de estructura de piso, equipos de aire acondicionado y dise\u00f1os el\u00e9ctricos energ\u00e9ticamente eficientes.&nbsp;<\/p>\n\n\n\n<p>En HEVA, construimos para durar: lo que luce y funciona bien hoy, tambi\u00e9n lo lucir\u00e1 en 5 a 10 a\u00f1os. Esto es fundamental al considerar la viabilidad futura de la venta y los costos mensuales de mantenimiento. Establecemos una estructura realista de tarifas de mantenimiento y contratamos personal para cada proyecto para asegurar que nuestros proyectos (sus hogares) sigan luciendo y funcionando bien mucho despu\u00e9s de nuestra partida. Nuestros edificios hoy lucen tan bien, o incluso mejor, que cuando se terminaron.<\/p>\n\n\n\n<p>Porque reconocemos y valoramos lo m\u00e1s importante que hemos construido (nuestra reputaci\u00f3n y la confianza de nuestros clientes), estamos presentes cuando surgen problemas que requieren atenci\u00f3n, incluso mucho despu\u00e9s de finalizar el proyecto. Contamos con personal profesional de HEVA dedicado espec\u00edficamente a atender las necesidades de garant\u00eda de nuestros clientes, as\u00ed como personal permanente de mantenimiento y gesti\u00f3n a tiempo completo en cada proyecto.&nbsp;<\/p>\n\n\n\n<p>Pero lo m\u00e1s importante es que otros desarrolladores van y vienen, muchos de ellos no tienen sede en Puerto Vallarta. Nosotros llevamos aqu\u00ed mucho tiempo y seguiremos aqu\u00ed por mucho tiempo m\u00e1s. Con HEVA, realmente puedes invertir tu dinero con confianza.<\/p>\n<\/div><figure class=\"wp-block-media-text__media\"><img loading=\"lazy\" decoding=\"async\" width=\"1024\" height=\"576\" src=\"https:\/\/grupoheva.com\/wp-content\/uploads\/2025\/04\/vconchasc-grupoheva-2-1024x576.webp\" alt=\"\" class=\"wp-image-1054 size-full\" style=\"object-position:50% 50%\" srcset=\"https:\/\/grupoheva.com\/wp-content\/uploads\/2025\/04\/vconchasc-grupoheva-2-1024x576.webp 1024w, https:\/\/grupoheva.com\/wp-content\/uploads\/2025\/04\/vconchasc-grupoheva-2-300x169.webp 300w, https:\/\/grupoheva.com\/wp-content\/uploads\/2025\/04\/vconchasc-grupoheva-2-768x432.webp 768w, https:\/\/grupoheva.com\/wp-content\/uploads\/2025\/04\/vconchasc-grupoheva-2-1536x864.webp 1536w, https:\/\/grupoheva.com\/wp-content\/uploads\/2025\/04\/vconchasc-grupoheva-2-18x10.webp 18w, https:\/\/grupoheva.com\/wp-content\/uploads\/2025\/04\/vconchasc-grupoheva-2-500x281.webp 500w, https:\/\/grupoheva.com\/wp-content\/uploads\/2025\/04\/vconchasc-grupoheva-2-800x450.webp 800w, https:\/\/grupoheva.com\/wp-content\/uploads\/2025\/04\/vconchasc-grupoheva-2-1280x720.webp 1280w, https:\/\/grupoheva.com\/wp-content\/uploads\/2025\/04\/vconchasc-grupoheva-2-1920x1080.webp 1920w, https:\/\/grupoheva.com\/wp-content\/uploads\/2025\/04\/vconchasc-grupoheva-2.webp 2000w\" sizes=\"auto, (max-width: 1024px) 100vw, 1024px\" \/><\/figure><\/div>\n<\/div><\/div>\n\n\n\n<p><\/p>","protected":false},"excerpt":{"rendered":"<p>The HEVA difference, things to consider: Often we are asked why are HEVA units more expensive than other options, there are a couple reasons for this, one is our average&hellip;<\/p>","protected":false},"author":1,"featured_media":0,"parent":0,"menu_order":0,"comment_status":"closed","ping_status":"closed","template":"","meta":{"content-type":"","iawp_total_views":168,"footnotes":""},"class_list":["post-1189","page","type-page","status-publish","hentry"],"_links":{"self":[{"href":"https:\/\/grupoheva.com\/es\/wp-json\/wp\/v2\/pages\/1189","targetHints":{"allow":["GET"]}}],"collection":[{"href":"https:\/\/grupoheva.com\/es\/wp-json\/wp\/v2\/pages"}],"about":[{"href":"https:\/\/grupoheva.com\/es\/wp-json\/wp\/v2\/types\/page"}],"author":[{"embeddable":true,"href":"https:\/\/grupoheva.com\/es\/wp-json\/wp\/v2\/users\/1"}],"replies":[{"embeddable":true,"href":"https:\/\/grupoheva.com\/es\/wp-json\/wp\/v2\/comments?post=1189"}],"version-history":[{"count":12,"href":"https:\/\/grupoheva.com\/es\/wp-json\/wp\/v2\/pages\/1189\/revisions"}],"predecessor-version":[{"id":1226,"href":"https:\/\/grupoheva.com\/es\/wp-json\/wp\/v2\/pages\/1189\/revisions\/1226"}],"wp:attachment":[{"href":"https:\/\/grupoheva.com\/es\/wp-json\/wp\/v2\/media?parent=1189"}],"curies":[{"name":"wp","href":"https:\/\/api.w.org\/{rel}","templated":true}]}}