{"id":496,"date":"2024-10-23T16:21:56","date_gmt":"2024-10-23T16:21:56","guid":{"rendered":"http:\/\/grupoheva.com\/?page_id=496"},"modified":"2024-10-23T20:30:29","modified_gmt":"2024-10-23T20:30:29","slug":"press-and-articles","status":"publish","type":"page","link":"https:\/\/grupoheva.com\/es\/press-and-articles\/","title":{"rendered":"Press and articles"},"content":{"rendered":"<div class=\"wp-block-cover alignfull\" style=\"min-height:830px;aspect-ratio:unset;\"><span aria-hidden=\"true\" class=\"wp-block-cover__background has-black-background-color has-background-dim-40 has-background-dim\"><\/span><img loading=\"lazy\" decoding=\"async\" width=\"2000\" height=\"1123\" class=\"wp-block-cover__image-background wp-image-497\" alt=\"\" src=\"http:\/\/grupoheva.com\/wp-content\/uploads\/2024\/10\/GRUPO-HEVA-PUERTO-VALLARTA-cov6.webp\" data-object-fit=\"cover\" srcset=\"https:\/\/grupoheva.com\/wp-content\/uploads\/2024\/10\/GRUPO-HEVA-PUERTO-VALLARTA-cov6.webp 2000w, https:\/\/grupoheva.com\/wp-content\/uploads\/2024\/10\/GRUPO-HEVA-PUERTO-VALLARTA-cov6-300x168.webp 300w, https:\/\/grupoheva.com\/wp-content\/uploads\/2024\/10\/GRUPO-HEVA-PUERTO-VALLARTA-cov6-1024x575.webp 1024w, https:\/\/grupoheva.com\/wp-content\/uploads\/2024\/10\/GRUPO-HEVA-PUERTO-VALLARTA-cov6-768x431.webp 768w, https:\/\/grupoheva.com\/wp-content\/uploads\/2024\/10\/GRUPO-HEVA-PUERTO-VALLARTA-cov6-1536x862.webp 1536w, https:\/\/grupoheva.com\/wp-content\/uploads\/2024\/10\/GRUPO-HEVA-PUERTO-VALLARTA-cov6-500x281.webp 500w, https:\/\/grupoheva.com\/wp-content\/uploads\/2024\/10\/GRUPO-HEVA-PUERTO-VALLARTA-cov6-800x449.webp 800w, https:\/\/grupoheva.com\/wp-content\/uploads\/2024\/10\/GRUPO-HEVA-PUERTO-VALLARTA-cov6-1280x719.webp 1280w, https:\/\/grupoheva.com\/wp-content\/uploads\/2024\/10\/GRUPO-HEVA-PUERTO-VALLARTA-cov6-1920x1078.webp 1920w\" sizes=\"auto, (max-width: 2000px) 100vw, 2000px\" \/><div class=\"wp-block-cover__inner-container is-layout-constrained wp-block-cover-is-layout-constrained\">\n<div style=\"height:130px\" aria-hidden=\"true\" class=\"wp-block-spacer\"><\/div>\n\n\n\n<p class=\"has-text-align-center ti movilti\" style=\"font-size:100px;text-transform:uppercase\">PRENSA Y ART\u00cdCULOS<\/p>\n\n\n\n<div style=\"height:85px\" aria-hidden=\"true\" class=\"wp-block-spacer\"><\/div>\n<\/div><\/div>\n\n\n\n<div style=\"height:68px\" aria-hidden=\"true\" class=\"wp-block-spacer\"><\/div>\n\n\n\n<div class=\"wp-block-columns is-layout-flex wp-container-core-columns-is-layout-9d6595d7 wp-block-columns-is-layout-flex\">\n<div class=\"wp-block-column is-vertically-aligned-top is-layout-flow wp-block-column-is-layout-flow\" style=\"flex-basis:60%\">\n<p class=\"has-text-align-left ti\" style=\"font-size:30px;text-transform:uppercase\">Los medios de comunicaci\u00f3n reconocen la filosof\u00eda y trayectoria de GRUPO HEVA<\/p>\n\n\n\n<p class=\"has-text-align-left\">Por la calidad de construcci\u00f3n de nuestros condominios premium, diversos medios de comunicaci\u00f3n han destacado nuestros desarrollos, as\u00ed como el cuidado por los detalles que ponemos en cada una de las unidades que hemos entregado en la fecha acordada. Conozca lo que dicen estas publicaciones sobre la exitosa trayectoria de Grupo HEVA.<\/p>\n<\/div>\n\n\n\n<div class=\"wp-block-column is-vertically-aligned-center is-layout-flow wp-block-column-is-layout-flow\" style=\"flex-basis:40%\"><ul class=\"wp-block-latest-posts__list wp-block-latest-posts\"><li><div class=\"wp-block-latest-posts__featured-image alignleft\"><a href=\"https:\/\/grupoheva.com\/es\/vallarta-lifestyles-2020\/\" aria-label=\"VALLARTA LIFESTYLES, 2020\"><img loading=\"lazy\" decoding=\"async\" width=\"196\" height=\"116\" src=\"https:\/\/grupoheva.com\/wp-content\/uploads\/2024\/10\/VL.png\" class=\"attachment-medium size-medium wp-post-image\" alt=\"\" style=\"\" \/><\/a><\/div><a class=\"wp-block-latest-posts__post-title\" href=\"https:\/\/grupoheva.com\/es\/vallarta-lifestyles-2020\/\">VALLARTA LIFESTYLES, 2020<\/a><div class=\"wp-block-latest-posts__post-excerpt\">It has been 12 years since Grupo HEVA was founded in Puerto Vallarta\u00a0to offer a new standard in&hellip;<\/div><\/li>\n<\/ul><\/div>\n<\/div>","protected":false},"excerpt":{"rendered":"<p>The media recognize the philosophy and trajectory of GRUPO HEVA Due to the quality of construction of our premium condominiums, various media outlets have highlighted our developments, as well as&hellip;<\/p>","protected":false},"author":1,"featured_media":0,"parent":0,"menu_order":0,"comment_status":"closed","ping_status":"closed","template":"","meta":{"content-type":"","iawp_total_views":312,"footnotes":""},"class_list":["post-496","page","type-page","status-publish","hentry"],"_links":{"self":[{"href":"https:\/\/grupoheva.com\/es\/wp-json\/wp\/v2\/pages\/496","targetHints":{"allow":["GET"]}}],"collection":[{"href":"https:\/\/grupoheva.com\/es\/wp-json\/wp\/v2\/pages"}],"about":[{"href":"https:\/\/grupoheva.com\/es\/wp-json\/wp\/v2\/types\/page"}],"author":[{"embeddable":true,"href":"https:\/\/grupoheva.com\/es\/wp-json\/wp\/v2\/users\/1"}],"replies":[{"embeddable":true,"href":"https:\/\/grupoheva.com\/es\/wp-json\/wp\/v2\/comments?post=496"}],"version-history":[{"count":9,"href":"https:\/\/grupoheva.com\/es\/wp-json\/wp\/v2\/pages\/496\/revisions"}],"predecessor-version":[{"id":706,"href":"https:\/\/grupoheva.com\/es\/wp-json\/wp\/v2\/pages\/496\/revisions\/706"}],"wp:attachment":[{"href":"https:\/\/grupoheva.com\/es\/wp-json\/wp\/v2\/media?parent=496"}],"curies":[{"name":"wp","href":"https:\/\/api.w.org\/{rel}","templated":true}]}}